{"id":5153,"date":"2021-12-06T13:35:48","date_gmt":"2021-12-06T13:35:48","guid":{"rendered":"http:\/\/triniti.eu\/homepage\/"},"modified":"2022-04-11T14:28:25","modified_gmt":"2022-04-11T14:28:25","slug":"homepage","status":"publish","type":"page","link":"https:\/\/arendus.triniti.ee\/pl\/","title":{"rendered":"Homepage"},"content":{"rendered":"","protected":false},"excerpt":{"rendered":"","protected":false},"author":1,"featured_media":0,"parent":0,"menu_order":0,"comment_status":"closed","ping_status":"closed","template":"templates\/page-home.php","meta":{"inline_featured_image":false,"footnotes":""},"class_list":["post-5153","page","type-page","status-publish","hentry"],"acf":{"home_1_background_videos":[{"video":"775693554?h=f18a34c468","video_file":28220,"country":"all"},{"video":"649989071?h=4f7413de78","video_file":28228,"country":"estonia"},{"video":"649989810?h=d1056c6d9c","video_file":28235,"country":"latvia"},{"video":"649989535?h=f511b893d7","video_file":28242,"country":"lithuania"}],"home_1_background_mobile":[{"image":20815,"country":"all"},{"image":20807,"country":"estonia"},{"image":20823,"country":"latvia"},{"image":20833,"country":"lithuania"}],"home_1_background_photo":4064,"home_1_title_gr":{"all":"The future on<br\/> your terms","estonia":"13464","latvia":"The future on<br\/> your terms","lithuania":"The future on<br\/> your terms"},"home_1_caption_gr":{"all":"Panba\u0142tycka firma prawnicza","estonia":"","latvia":"Panba\u0142tycka firma prawnicza","lithuania":"Panba\u0142tycka firma prawnicza"},"home_1_subcaption":"W d\u00f3\u0142","home_2_subtitle_gr":{"all":"Co mo\u017cemy zrobi\u0107 <span> dla Twojej firmy?<\/span>","estonia":"","latvia":"","lithuania":""},"home_new_new_2_2_content_all":[{"all_1":"Uniknij b\u0142\u0119d\u00f3w","all_2":13464,"all_3":[{"all_all_1":"Jeste\u015bmy gotowi wyj\u015b\u0107 poza nasz\u0105 stref\u0119 komfortu, aby zapewni\u0107 wi\u0119kszy komfort naszym klientom.","all_all_2":""},{"all_all_1":"Zajmujemy si\u0119 nie tylko prawem. Si\u0142a naszych specjalist\u00f3w tkwi w bogatym do\u015bwiadczeniu w r\u00f3\u017cnych sektorach i og\u00f3lnej znajomo\u015bci \u015brodowiska biznesowego.","all_all_2":""}]},{"all_1":"Przyspiesz wzrost ","all_2":13440,"all_3":[{"all_all_1":"Nie jeste\u015bmy obserwatorami, zajmujemy si\u0119 pe\u0142nym spektrum dziedzin prawa, dzi\u0119ki czemu aktywnie zmieniamy \u015brodowisko biznesowe.","all_all_2":""},{"all_all_1":"Pomagamy klientom ulepsza\u0107 ich us\u0142ugi, wykorzystuj\u0105c w\u0142asne stale podnoszone kompetencje. Pozwoli\u0142o to nam sta\u0107 si\u0119 jedn\u0105 z dziesi\u0119ciu najwi\u0119kszych kancelarii prawnych w krajach ba\u0142tyckich.","all_all_2":""}]},{"all_1":"Podejmuj wyzwania","all_2":13488,"all_3":[{"all_all_1":"Cokolwiek przyniesie jutro, jeste\u015bmy gotowi torowa\u0107 drog\u0119 nowym rozwi\u0105zaniom prawnym.","all_all_2":""},{"all_all_1":"Jeste\u015bmy po to, aby doradza\u0107 klientom w zakresie planowanych zmian, a po rozwa\u017ceniu wszelkich mo\u017cliwych wyzwa\u0144 prawnych, przy ich wdro\u017ceniu.","all_all_2":""}]}],"home_new_new_2_2_content_estonia":null,"home_new_new_2_2_content_latvia":null,"home_new_new_2_2_content_lithuania":null,"home_new_3_practice_areas_all":[{"all_1":"Us\u0142ugi","all_2":[{"all_all":{"title":"IT, ochrona danych i prywatno\u015b\u0107","url":"\/pl\/","target":""}},{"all_all":{"title":"Migracja i relokacja","url":"\/pl\/","target":""}},{"all_all":{"title":"Prawo administracyjne","url":"\/pl\/","target":""}},{"all_all":{"title":"Prawo bankowe i finansowe","url":"\/pl\/","target":""}},{"all_all":{"title":"Prawo dotycz\u0105ce medi\u00f3w i rozrywki","url":"\/pl\/","target":""}},{"all_all":{"title":"Prawo karne","url":"\/pl\/","target":""}},{"all_all":{"title":"Prawo konkurencji","url":"\/pl\/","target":""}},{"all_all":{"title":"Prawo nieruchomo\u015bci i budowlane","url":"\/pl\/","target":""}},{"all_all":{"title":"Prawo podatkowe","url":"\/pl\/","target":""}},{"all_all":{"title":"Prawo sp\u00f3\u0142ek, prawo handlowe i fuzje i przej\u0119cia","url":"\/pl\/","target":""}},{"all_all":{"title":"Prawo transportowe i infrastrukturalne","url":"\/pl\/","target":""}},{"all_all":{"title":"Prawo w\u0142asno\u015bci intelektualnej","url":"\/pl\/","target":""}},{"all_all":{"title":"Private Equity, Venture Capital & Startups","url":"\/pl\/","target":""}},{"all_all":{"title":"Regulacje, zgodno\u015b\u0107 i zarz\u0105dzanie ryzykiem","url":"\/pl\/","target":""}},{"all_all":{"title":"Rozstrzyganie spor\u00f3w, arbitra\u017c i zarz\u0105dzanie konfliktami","url":"\/pl\/","target":""}},{"all_all":{"title":"\u015arodowisko, Spo\u0142ecze\u0144stwo i Zarz\u0105dzanie (ESG)","url":"\/pl\/","target":""}},{"all_all":{"title":"Upad\u0142o\u015b\u0107 i odzyskiwanie d\u0142ug\u00f3w","url":"\/pl\/","target":""}},{"all_all":{"title":"Zam\u00f3wienia publiczne i partnerstwa publiczno-prywatne","url":"\/pl\/","target":""}},{"all_all":{"title":"Zatrudnienie i zach\u0119ty","url":"\/pl\/","target":""}}]},{"all_1":"Bran\u017ce","all_2":[{"all_all":{"title":"Agrobiznes i \u017cywno\u015b\u0107","url":"\/pl\/","target":""}},{"all_all":{"title":"Automobilowy","url":"\/pl\/","target":""}},{"all_all":{"title":"Banki i Fintechy","url":"\/pl\/","target":""}},{"all_all":{"title":"Energia i us\u0142ugi komunalne","url":"\/pl\/","target":""}},{"all_all":{"title":"Konsumenckie i detaliczne","url":"\/pl\/","target":""}},{"all_all":{"title":"Logistyka","url":"\/pl\/","target":""}},{"all_all":{"title":"Lotnictwo i wysy\u0142ka","url":"\/pl\/","target":""}},{"all_all":{"title":"Nieruchomo\u015bci i budownictwo","url":"\/pl\/","target":""}},{"all_all":{"title":"Opieka zdrowotna i nauki przyrodnicze","url":"\/pl\/","target":""}},{"all_all":{"title":"Private Equity i Venture Capital","url":"\/pl\/","target":""}},{"all_all":{"title":"Sport i gry","url":"\/pl\/","target":""}},{"all_all":{"title":"Startupy","url":"\/pl\/","target":""}},{"all_all":{"title":"Technologia, komunikacja i media","url":"\/pl\/","target":""}},{"all_all":{"title":"Ubezpieczenie","url":"\/pl\/","target":""}}]}],"home_new_3_practice_areas_estonia":null,"home_new_3_practice_areas_latvia":null,"home_new_3_practice_areas_lithuania":null,"home_3_text_gr":{"all":"Przysz\u0142o\u015b\u0107 ma jasne barwy, <br><span>je\u015bli jest tworzona na Twoich warunkach.<\/span>","estonia":"","latvia":"","lithuania":""},"home_3_bgs":[{"photo":6641,"country":"latvia"},{"photo":6633,"country":"lithuania"},{"photo":6607,"country":"all"},{"photo":6617,"country":"estonia"}],"home_3_bgs_mob":[{"image":6657,"country":"all"},{"image":6649,"country":"estonia"},{"image":6673,"country":"latvia"},{"image":6665,"country":"lithuania"}],"home_6_subtitle_gr":{"all":"Filozofia TRINITI ","estonia":"","latvia":"","lithuania":""},"home_new_6_philosophies_all":[{"all_1":"Profesjonalna porada w zrozumia\u0142ym j\u0119zyku ","all_2":"<span class=\"TextRun SCXW96627249 BCX0\" lang=\"PL-PL\" xml:lang=\"PL-PL\" data-contrast=\"auto\"><span class=\"NormalTextRun SCXW96627249 BCX0\">Decyzje prawne s\u0105 skomplikowane, ale zawsze b\u0119d\u0105 <\/span><span class=\"NormalTextRun CommentStart CommentHighlightPipeRest CommentHighlightRest SCXW96627249 BCX0\">m\u0105drze<\/span><span class=\"NormalTextRun CommentHighlightPipeRest SCXW96627249 BCX0\"> wywa\u017cone i przedstawione przez nas w zrozumia\u0142y spos\u00f3b. M\u00f3wimy o istocie, nie zawracamy g\u0142owy drobnymi szczeg\u00f3\u0142ami, a <\/span><span class=\"NormalTextRun SCXW96627249 BCX0\">z\u0142o\u017cone <\/span><span class=\"NormalTextRun SCXW96627249 BCX0\">kwestie prawne wyja\u015bniamy jasno i rzeczowo.<\/span><\/span><span class=\"EOP SCXW96627249 BCX0\" data-ccp-props=\"{&quot;134233117&quot;:true,&quot;134233118&quot;:true,&quot;201341983&quot;:0,&quot;335559739&quot;:0,&quot;335559740&quot;:240}\">\u00a0<\/span>"},{"all_1":"Priorytetowy status Twojej sprawy ","all_2":"<span class=\"TextRun SCXW219046292 BCX0\" lang=\"PL-PL\" xml:lang=\"PL-PL\" data-contrast=\"auto\"><span class=\"NormalTextRun SCXW219046292 BCX0\">Klienci s\u0105 nie tylko odbiorcami us\u0142ug, ale tak\u017ce partnerami biznesowymi, dlatego przyk\u0142adamy nale\u017cyt\u0105 uwag\u0119 i traktujemy ich sprawy jak nasze w\u0142asne. Pracujemy, a\u017c znajdziemy najodpowiedniejsze rozwi\u0105zanie<\/span><span class=\"NormalTextRun SCXW219046292 BCX0\">,<\/span><span class=\"NormalTextRun SCXW219046292 BCX0\"> nie pozostawiamy klienta w nieznanej lub ryzykownej sytuacji prawnej.<\/span><\/span><span class=\"EOP SCXW219046292 BCX0\" data-ccp-props=\"{&quot;134233117&quot;:true,&quot;134233118&quot;:true,&quot;201341983&quot;:0,&quot;335559739&quot;:0,&quot;335559740&quot;:240}\">\u00a0<\/span>"},{"all_1":"Praktyczne partnerskie podej\u015bcie ","all_2":"<span class=\"TextRun SCXW116058964 BCX0\" lang=\"LT-LT\" xml:lang=\"LT-LT\" data-contrast=\"auto\"><span class=\"NormalTextRun SCXW116058964 BCX0\">Z <\/span><span class=\"NormalTextRun SpellingErrorV2 SCXW116058964 BCX0\">ka<\/span><span class=\"NormalTextRun SpellingErrorV2 SCXW116058964 BCX0\">\u017cdej<\/span> <span class=\"NormalTextRun SpellingErrorV2 SCXW116058964 BCX0\">sytuacji<\/span> <span class=\"NormalTextRun SpellingErrorV2 SCXW116058964 BCX0\">jest<\/span> <span class=\"NormalTextRun SpellingErrorV2 SCXW116058964 BCX0\">jakie\u015b<\/span> <span class=\"NormalTextRun SpellingErrorV2 SCXW116058964 BCX0\">wyj\u015bcie<\/span><\/span><span class=\"TextRun SCXW116058964 BCX0\" lang=\"PL-PL\" xml:lang=\"PL-PL\" data-contrast=\"auto\"><span class=\"NormalTextRun SCXW116058964 BCX0\">. Poszukujemy rozwi\u0105za\u0144 prawnych, stosuj\u0105c praktyczne podej\u015bcie oraz bior\u0105c pod uwag\u0119 potrzeby i oceniaj\u0105c <\/span><span class=\"NormalTextRun SCXW116058964 BCX0\">wszystkie <\/span><span class=\"NormalTextRun SCXW116058964 BCX0\">korzy\u015bci <\/span><span class=\"NormalTextRun SCXW116058964 BCX0\">dla <\/span><span class=\"NormalTextRun SCXW116058964 BCX0\">klienta. Prawnik przejmuje pe\u0142n\u0105 <\/span><span class=\"NormalTextRun SCXW116058964 BCX0\">odpowiedzialno\u015b\u0107 i nadz\u00f3r nad procesem, aby klienci mogli skoncentrowa\u0107 si\u0119 na <\/span><span class=\"NormalTextRun SCXW116058964 BCX0\">swojej dzia\u0142alno\u015bci<\/span><span class=\"NormalTextRun SCXW116058964 BCX0\"> biznesow<\/span><span class=\"NormalTextRun SCXW116058964 BCX0\">ej<\/span><span class=\"NormalTextRun SCXW116058964 BCX0\">.\u00a0<\/span><\/span><span class=\"EOP SCXW116058964 BCX0\" data-ccp-props=\"{&quot;134233117&quot;:true,&quot;134233118&quot;:true,&quot;201341983&quot;:0,&quot;335559739&quot;:0,&quot;335559740&quot;:240}\">\u00a0<\/span>"},{"all_1":"Prosty proces i rozs\u0105dne ceny ","all_2":"<span class=\"TextRun SCXW232662266 BCX0\" lang=\"PL-PL\" xml:lang=\"PL-PL\" data-contrast=\"auto\"><span class=\"NormalTextRun SCXW232662266 BCX0\">D\u0105\u017cymy do zaspokojenia potrzeb klienta poprzez ci\u0105g\u0142e podnoszenie jako\u015bci us\u0142ug, zwi\u0119kszanie produktywno\u015bci oraz kreatywne podej\u015bcie. Rozs\u0105dne ceny zale\u017c\u0105 od dobrze zarz\u0105dzanych proces\u00f3w. Optymalizujemy je tak, aby praca przebiega\u0142a sprawnie, bez koszt\u00f3w delegowania zada\u0144.<\/span><\/span><span class=\"EOP SCXW232662266 BCX0\" data-ccp-props=\"{&quot;134233117&quot;:true,&quot;134233118&quot;:true,&quot;201341983&quot;:0,&quot;335559739&quot;:0,&quot;335559740&quot;:240}\">\u00a0<\/span>"}],"home_new_6_philosophies_estonia":null,"home_new_6_philosophies_latvia":null,"home_new_6_philosophies_lithuania":null,"home_5_experiences":[{"office":"All","office_experiences":[14923,18372]}],"home_4_bottom_block":"To by\u0142y ich warunki. <br><span>Jakie s\u0105 Twoje? <a href=\"pl\/kontakt\/\">Podyskutujmy<\/a><\/span>"},"yoast_head":"<!-- This site is optimized with the Yoast SEO plugin v20.9 - https:\/\/yoast.com\/wordpress\/plugins\/seo\/ -->\n<title>Przysz\u0142o\u015b\u0107 na Twoich warunkach| TRINITI - Doradztwo prawne pan-Baltic<\/title>\n<meta name=\"description\" content=\"Zesp\u00f3\u0142 doradztwa prawnego pan-Baltic sk\u0142adaj\u0105cy si\u0119 z ponad 90 profesjonalist\u00f3w, gotowych poprowadzi\u0107 Ci\u0119 do sukcesu. Zacznijmy projekt razem!\" \/>\n<meta name=\"robots\" content=\"noindex, follow, max-snippet:-1, max-image-preview:large, max-video-preview:-1\" \/>\n<meta property=\"og:locale\" content=\"pl_PL\" \/>\n<meta property=\"og:type\" content=\"article\" \/>\n<meta property=\"og:title\" content=\"Przysz\u0142o\u015b\u0107 na Twoich warunkach| TRINITI - Doradztwo prawne pan-Baltic\" \/>\n<meta property=\"og:description\" content=\"Zesp\u00f3\u0142 doradztwa prawnego pan-Baltic sk\u0142adaj\u0105cy si\u0119 z ponad 90 profesjonalist\u00f3w, gotowych poprowadzi\u0107 Ci\u0119 do sukcesu. Zacznijmy projekt razem!\" \/>\n<meta property=\"og:url\" content=\"https:\/\/arendus.triniti.ee\/\" \/>\n<meta property=\"og:site_name\" content=\"TRINITI - Doradztwo prawne pan-Baltic\" \/>\n<meta property=\"article:modified_time\" content=\"2022-04-11T14:28:25+00:00\" \/>\n<meta name=\"twitter:card\" content=\"summary_large_image\" \/>\n<script type=\"application\/ld+json\" class=\"yoast-schema-graph\">{\"@context\":\"https:\/\/schema.org\",\"@graph\":[{\"@type\":\"WebPage\",\"@id\":\"https:\/\/arendus.triniti.ee\/\",\"url\":\"https:\/\/arendus.triniti.ee\/\",\"name\":\"Przysz\u0142o\u015b\u0107 na Twoich warunkach| TRINITI - Doradztwo prawne pan-Baltic\",\"isPartOf\":{\"@id\":\"https:\/\/arendus.triniti.ee\/#website\"},\"datePublished\":\"2021-12-06T13:35:48+00:00\",\"dateModified\":\"2022-04-11T14:28:25+00:00\",\"description\":\"Zesp\u00f3\u0142 doradztwa prawnego pan-Baltic sk\u0142adaj\u0105cy si\u0119 z ponad 90 profesjonalist\u00f3w, gotowych poprowadzi\u0107 Ci\u0119 do sukcesu. Zacznijmy projekt razem!\",\"breadcrumb\":{\"@id\":\"https:\/\/arendus.triniti.ee\/#breadcrumb\"},\"inLanguage\":\"pl-PL\",\"potentialAction\":[{\"@type\":\"ReadAction\",\"target\":[\"https:\/\/arendus.triniti.ee\/\"]}]},{\"@type\":\"BreadcrumbList\",\"@id\":\"https:\/\/arendus.triniti.ee\/#breadcrumb\",\"itemListElement\":[{\"@type\":\"ListItem\",\"position\":1,\"name\":\"Home\",\"item\":\"https:\/\/arendus.triniti.ee\/\"},{\"@type\":\"ListItem\",\"position\":2,\"name\":\"Homepage\"}]},{\"@type\":\"WebSite\",\"@id\":\"https:\/\/arendus.triniti.ee\/#website\",\"url\":\"https:\/\/arendus.triniti.ee\/\",\"name\":\"TRINITI - Doradztwo prawne pan-Baltic\",\"description\":\"The Future On Your Terms\",\"publisher\":{\"@id\":\"https:\/\/arendus.triniti.ee\/#organization\"},\"potentialAction\":[{\"@type\":\"SearchAction\",\"target\":{\"@type\":\"EntryPoint\",\"urlTemplate\":\"https:\/\/arendus.triniti.ee\/?s={search_term_string}\"},\"query-input\":\"required name=search_term_string\"}],\"inLanguage\":\"pl-PL\"},{\"@type\":\"Organization\",\"@id\":\"https:\/\/arendus.triniti.ee\/#organization\",\"name\":\"Triniti\",\"url\":\"https:\/\/arendus.triniti.ee\/\",\"logo\":{\"@type\":\"ImageObject\",\"inLanguage\":\"pl-PL\",\"@id\":\"https:\/\/arendus.triniti.ee\/#\/schema\/logo\/image\/\",\"url\":\"https:\/\/triniti.eu\/wp-content\/uploads\/2021\/12\/triniti-logo-en.svg\",\"contentUrl\":\"https:\/\/triniti.eu\/wp-content\/uploads\/2021\/12\/triniti-logo-en.svg\",\"width\":400,\"height\":117,\"caption\":\"Triniti\"},\"image\":{\"@id\":\"https:\/\/arendus.triniti.ee\/#\/schema\/logo\/image\/\"}}]}<\/script>\n<!-- \/ Yoast SEO plugin. -->","yoast_head_json":{"title":"Przysz\u0142o\u015b\u0107 na Twoich warunkach| TRINITI - Doradztwo prawne pan-Baltic","description":"Zesp\u00f3\u0142 doradztwa prawnego pan-Baltic sk\u0142adaj\u0105cy si\u0119 z ponad 90 profesjonalist\u00f3w, gotowych poprowadzi\u0107 Ci\u0119 do sukcesu. Zacznijmy projekt razem!","robots":{"index":"noindex","follow":"follow","max-snippet":"max-snippet:-1","max-image-preview":"max-image-preview:large","max-video-preview":"max-video-preview:-1"},"og_locale":"pl_PL","og_type":"article","og_title":"Przysz\u0142o\u015b\u0107 na Twoich warunkach| TRINITI - Doradztwo prawne pan-Baltic","og_description":"Zesp\u00f3\u0142 doradztwa prawnego pan-Baltic sk\u0142adaj\u0105cy si\u0119 z ponad 90 profesjonalist\u00f3w, gotowych poprowadzi\u0107 Ci\u0119 do sukcesu. Zacznijmy projekt razem!","og_url":"https:\/\/arendus.triniti.ee\/","og_site_name":"TRINITI - Doradztwo prawne pan-Baltic","article_modified_time":"2022-04-11T14:28:25+00:00","twitter_card":"summary_large_image","schema":{"@context":"https:\/\/schema.org","@graph":[{"@type":"WebPage","@id":"https:\/\/arendus.triniti.ee\/","url":"https:\/\/arendus.triniti.ee\/","name":"Przysz\u0142o\u015b\u0107 na Twoich warunkach| TRINITI - Doradztwo prawne pan-Baltic","isPartOf":{"@id":"https:\/\/arendus.triniti.ee\/#website"},"datePublished":"2021-12-06T13:35:48+00:00","dateModified":"2022-04-11T14:28:25+00:00","description":"Zesp\u00f3\u0142 doradztwa prawnego pan-Baltic sk\u0142adaj\u0105cy si\u0119 z ponad 90 profesjonalist\u00f3w, gotowych poprowadzi\u0107 Ci\u0119 do sukcesu. Zacznijmy projekt razem!","breadcrumb":{"@id":"https:\/\/arendus.triniti.ee\/#breadcrumb"},"inLanguage":"pl-PL","potentialAction":[{"@type":"ReadAction","target":["https:\/\/arendus.triniti.ee\/"]}]},{"@type":"BreadcrumbList","@id":"https:\/\/arendus.triniti.ee\/#breadcrumb","itemListElement":[{"@type":"ListItem","position":1,"name":"Home","item":"https:\/\/arendus.triniti.ee\/"},{"@type":"ListItem","position":2,"name":"Homepage"}]},{"@type":"WebSite","@id":"https:\/\/arendus.triniti.ee\/#website","url":"https:\/\/arendus.triniti.ee\/","name":"TRINITI - Doradztwo prawne pan-Baltic","description":"The Future On Your Terms","publisher":{"@id":"https:\/\/arendus.triniti.ee\/#organization"},"potentialAction":[{"@type":"SearchAction","target":{"@type":"EntryPoint","urlTemplate":"https:\/\/arendus.triniti.ee\/?s={search_term_string}"},"query-input":"required name=search_term_string"}],"inLanguage":"pl-PL"},{"@type":"Organization","@id":"https:\/\/arendus.triniti.ee\/#organization","name":"Triniti","url":"https:\/\/arendus.triniti.ee\/","logo":{"@type":"ImageObject","inLanguage":"pl-PL","@id":"https:\/\/arendus.triniti.ee\/#\/schema\/logo\/image\/","url":"https:\/\/triniti.eu\/wp-content\/uploads\/2021\/12\/triniti-logo-en.svg","contentUrl":"https:\/\/triniti.eu\/wp-content\/uploads\/2021\/12\/triniti-logo-en.svg","width":400,"height":117,"caption":"Triniti"},"image":{"@id":"https:\/\/arendus.triniti.ee\/#\/schema\/logo\/image\/"}}]}},"_links":{"self":[{"href":"https:\/\/arendus.triniti.ee\/pl\/wp-json\/wp\/v2\/pages\/5153","targetHints":{"allow":["GET"]}}],"collection":[{"href":"https:\/\/arendus.triniti.ee\/pl\/wp-json\/wp\/v2\/pages"}],"about":[{"href":"https:\/\/arendus.triniti.ee\/pl\/wp-json\/wp\/v2\/types\/page"}],"author":[{"embeddable":true,"href":"https:\/\/arendus.triniti.ee\/pl\/wp-json\/wp\/v2\/users\/1"}],"replies":[{"embeddable":true,"href":"https:\/\/arendus.triniti.ee\/pl\/wp-json\/wp\/v2\/comments?post=5153"}],"version-history":[{"count":0,"href":"https:\/\/arendus.triniti.ee\/pl\/wp-json\/wp\/v2\/pages\/5153\/revisions"}],"wp:attachment":[{"href":"https:\/\/arendus.triniti.ee\/pl\/wp-json\/wp\/v2\/media?parent=5153"}],"curies":[{"name":"wp","href":"https:\/\/api.w.org\/{rel}","templated":true}]}}