{"id":3899,"date":"2021-12-05T11:11:41","date_gmt":"2021-12-05T11:11:41","guid":{"rendered":"http:\/\/triniti.eu\/karjeras-iespejas\/"},"modified":"2022-04-09T10:41:59","modified_gmt":"2022-04-09T10:41:59","slug":"karjeras-iespejas","status":"publish","type":"page","link":"https:\/\/arendus.triniti.ee\/lv\/karjeras-iespejas\/","title":{"rendered":"Karjeras iesp\u0113jas"},"content":{"rendered":"","protected":false},"excerpt":{"rendered":"","protected":false},"author":1,"featured_media":0,"parent":0,"menu_order":0,"comment_status":"closed","ping_status":"closed","template":"templates\/page-career-.php","meta":{"inline_featured_image":false,"footnotes":""},"class_list":["post-3899","page","type-page","status-publish","hentry"],"acf":[],"yoast_head":"<!-- This site is optimized with the Yoast SEO plugin v20.9 - https:\/\/yoast.com\/wordpress\/plugins\/seo\/ -->\n<title>Uzticami un kompetenti juridiskie pakalpojumu sniedz\u0113ji | TRINITI<\/title>\n<meta name=\"description\" content=\"TRINITI komand\u0101 str\u0101d\u0101 vair\u0101k nek\u0101 90 visda\u017e\u0101d\u0101ko ties\u012bbu jomu un tautsaimniec\u012bbas nozaru eksperti tr\u012bs Baltijas valst\u012bs.\" \/>\n<meta name=\"robots\" content=\"noindex, follow, max-snippet:-1, max-image-preview:large, max-video-preview:-1\" \/>\n<meta property=\"og:locale\" content=\"lv_LV\" \/>\n<meta property=\"og:type\" content=\"article\" \/>\n<meta property=\"og:title\" content=\"Uzticami un kompetenti juridiskie pakalpojumu sniedz\u0113ji | TRINITI\" \/>\n<meta property=\"og:description\" content=\"TRINITI komand\u0101 str\u0101d\u0101 vair\u0101k nek\u0101 90 visda\u017e\u0101d\u0101ko ties\u012bbu jomu un tautsaimniec\u012bbas nozaru eksperti tr\u012bs Baltijas valst\u012bs.\" \/>\n<meta property=\"og:url\" content=\"https:\/\/arendus.triniti.ee\/career\/\" \/>\n<meta property=\"og:site_name\" content=\"TRINITI\" \/>\n<meta property=\"article:modified_time\" content=\"2022-04-09T10:41:59+00:00\" \/>\n<meta name=\"twitter:card\" content=\"summary_large_image\" \/>\n<script type=\"application\/ld+json\" class=\"yoast-schema-graph\">{\"@context\":\"https:\/\/schema.org\",\"@graph\":[{\"@type\":\"WebPage\",\"@id\":\"https:\/\/arendus.triniti.ee\/career\/\",\"url\":\"https:\/\/arendus.triniti.ee\/career\/\",\"name\":\"Uzticami un kompetenti juridiskie pakalpojumu sniedz\u0113ji | TRINITI\",\"isPartOf\":{\"@id\":\"https:\/\/arendus.triniti.ee\/#website\"},\"datePublished\":\"2021-12-05T11:11:41+00:00\",\"dateModified\":\"2022-04-09T10:41:59+00:00\",\"description\":\"TRINITI komand\u0101 str\u0101d\u0101 vair\u0101k nek\u0101 90 visda\u017e\u0101d\u0101ko ties\u012bbu jomu un tautsaimniec\u012bbas nozaru eksperti tr\u012bs Baltijas valst\u012bs.\",\"breadcrumb\":{\"@id\":\"https:\/\/arendus.triniti.ee\/career\/#breadcrumb\"},\"inLanguage\":\"lv-LV\",\"potentialAction\":[{\"@type\":\"ReadAction\",\"target\":[\"https:\/\/arendus.triniti.ee\/career\/\"]}]},{\"@type\":\"BreadcrumbList\",\"@id\":\"https:\/\/arendus.triniti.ee\/career\/#breadcrumb\",\"itemListElement\":[{\"@type\":\"ListItem\",\"position\":1,\"name\":\"Home\",\"item\":\"https:\/\/arendus.triniti.ee\/\"},{\"@type\":\"ListItem\",\"position\":2,\"name\":\"Karjeras iesp\u0113jas\"}]},{\"@type\":\"WebSite\",\"@id\":\"https:\/\/arendus.triniti.ee\/#website\",\"url\":\"https:\/\/arendus.triniti.ee\/\",\"name\":\"TRINITI\",\"description\":\"The Future On Your Terms\",\"publisher\":{\"@id\":\"https:\/\/arendus.triniti.ee\/#organization\"},\"potentialAction\":[{\"@type\":\"SearchAction\",\"target\":{\"@type\":\"EntryPoint\",\"urlTemplate\":\"https:\/\/arendus.triniti.ee\/?s={search_term_string}\"},\"query-input\":\"required name=search_term_string\"}],\"inLanguage\":\"lv-LV\"},{\"@type\":\"Organization\",\"@id\":\"https:\/\/arendus.triniti.ee\/#organization\",\"name\":\"Triniti\",\"url\":\"https:\/\/arendus.triniti.ee\/\",\"logo\":{\"@type\":\"ImageObject\",\"inLanguage\":\"lv-LV\",\"@id\":\"https:\/\/arendus.triniti.ee\/#\/schema\/logo\/image\/\",\"url\":\"https:\/\/triniti.eu\/wp-content\/uploads\/2021\/12\/triniti-logo-en.svg\",\"contentUrl\":\"https:\/\/triniti.eu\/wp-content\/uploads\/2021\/12\/triniti-logo-en.svg\",\"width\":400,\"height\":117,\"caption\":\"Triniti\"},\"image\":{\"@id\":\"https:\/\/arendus.triniti.ee\/#\/schema\/logo\/image\/\"}}]}<\/script>\n<!-- \/ Yoast SEO plugin. -->","yoast_head_json":{"title":"Uzticami un kompetenti juridiskie pakalpojumu sniedz\u0113ji | TRINITI","description":"TRINITI komand\u0101 str\u0101d\u0101 vair\u0101k nek\u0101 90 visda\u017e\u0101d\u0101ko ties\u012bbu jomu un tautsaimniec\u012bbas nozaru eksperti tr\u012bs Baltijas valst\u012bs.","robots":{"index":"noindex","follow":"follow","max-snippet":"max-snippet:-1","max-image-preview":"max-image-preview:large","max-video-preview":"max-video-preview:-1"},"og_locale":"lv_LV","og_type":"article","og_title":"Uzticami un kompetenti juridiskie pakalpojumu sniedz\u0113ji | TRINITI","og_description":"TRINITI komand\u0101 str\u0101d\u0101 vair\u0101k nek\u0101 90 visda\u017e\u0101d\u0101ko ties\u012bbu jomu un tautsaimniec\u012bbas nozaru eksperti tr\u012bs Baltijas valst\u012bs.","og_url":"https:\/\/arendus.triniti.ee\/career\/","og_site_name":"TRINITI","article_modified_time":"2022-04-09T10:41:59+00:00","twitter_card":"summary_large_image","schema":{"@context":"https:\/\/schema.org","@graph":[{"@type":"WebPage","@id":"https:\/\/arendus.triniti.ee\/career\/","url":"https:\/\/arendus.triniti.ee\/career\/","name":"Uzticami un kompetenti juridiskie pakalpojumu sniedz\u0113ji | TRINITI","isPartOf":{"@id":"https:\/\/arendus.triniti.ee\/#website"},"datePublished":"2021-12-05T11:11:41+00:00","dateModified":"2022-04-09T10:41:59+00:00","description":"TRINITI komand\u0101 str\u0101d\u0101 vair\u0101k nek\u0101 90 visda\u017e\u0101d\u0101ko ties\u012bbu jomu un tautsaimniec\u012bbas nozaru eksperti tr\u012bs Baltijas valst\u012bs.","breadcrumb":{"@id":"https:\/\/arendus.triniti.ee\/career\/#breadcrumb"},"inLanguage":"lv-LV","potentialAction":[{"@type":"ReadAction","target":["https:\/\/arendus.triniti.ee\/career\/"]}]},{"@type":"BreadcrumbList","@id":"https:\/\/arendus.triniti.ee\/career\/#breadcrumb","itemListElement":[{"@type":"ListItem","position":1,"name":"Home","item":"https:\/\/arendus.triniti.ee\/"},{"@type":"ListItem","position":2,"name":"Karjeras iesp\u0113jas"}]},{"@type":"WebSite","@id":"https:\/\/arendus.triniti.ee\/#website","url":"https:\/\/arendus.triniti.ee\/","name":"TRINITI","description":"The Future On Your Terms","publisher":{"@id":"https:\/\/arendus.triniti.ee\/#organization"},"potentialAction":[{"@type":"SearchAction","target":{"@type":"EntryPoint","urlTemplate":"https:\/\/arendus.triniti.ee\/?s={search_term_string}"},"query-input":"required name=search_term_string"}],"inLanguage":"lv-LV"},{"@type":"Organization","@id":"https:\/\/arendus.triniti.ee\/#organization","name":"Triniti","url":"https:\/\/arendus.triniti.ee\/","logo":{"@type":"ImageObject","inLanguage":"lv-LV","@id":"https:\/\/arendus.triniti.ee\/#\/schema\/logo\/image\/","url":"https:\/\/triniti.eu\/wp-content\/uploads\/2021\/12\/triniti-logo-en.svg","contentUrl":"https:\/\/triniti.eu\/wp-content\/uploads\/2021\/12\/triniti-logo-en.svg","width":400,"height":117,"caption":"Triniti"},"image":{"@id":"https:\/\/arendus.triniti.ee\/#\/schema\/logo\/image\/"}}]}},"_links":{"self":[{"href":"https:\/\/arendus.triniti.ee\/lv\/wp-json\/wp\/v2\/pages\/3899","targetHints":{"allow":["GET"]}}],"collection":[{"href":"https:\/\/arendus.triniti.ee\/lv\/wp-json\/wp\/v2\/pages"}],"about":[{"href":"https:\/\/arendus.triniti.ee\/lv\/wp-json\/wp\/v2\/types\/page"}],"author":[{"embeddable":true,"href":"https:\/\/arendus.triniti.ee\/lv\/wp-json\/wp\/v2\/users\/1"}],"replies":[{"embeddable":true,"href":"https:\/\/arendus.triniti.ee\/lv\/wp-json\/wp\/v2\/comments?post=3899"}],"version-history":[{"count":0,"href":"https:\/\/arendus.triniti.ee\/lv\/wp-json\/wp\/v2\/pages\/3899\/revisions"}],"wp:attachment":[{"href":"https:\/\/arendus.triniti.ee\/lv\/wp-json\/wp\/v2\/media?parent=3899"}],"curies":[{"name":"wp","href":"https:\/\/api.w.org\/{rel}","templated":true}]}}