{"id":3848,"date":"2021-12-02T20:09:08","date_gmt":"2021-12-02T20:09:08","guid":{"rendered":"http:\/\/triniti.eu\/izvalgos\/"},"modified":"2022-03-07T11:24:11","modified_gmt":"2022-03-07T11:24:11","slug":"izvalgos","status":"publish","type":"page","link":"https:\/\/arendus.triniti.ee\/lt\/izvalgos\/","title":{"rendered":"\u012e\u017evalgos"},"content":{"rendered":"","protected":false},"excerpt":{"rendered":"","protected":false},"author":1,"featured_media":0,"parent":0,"menu_order":0,"comment_status":"closed","ping_status":"closed","template":"templates\/page-insights.php","meta":{"inline_featured_image":false,"footnotes":""},"class_list":["post-3848","page","type-page","status-publish","hentry"],"acf":[],"yoast_head":"<!-- This site is optimized with the Yoast SEO plugin v20.9 - https:\/\/yoast.com\/wordpress\/plugins\/seo\/ -->\n<title>\u012e\u017evalgos | TRINITI<\/title>\n<meta name=\"description\" content=\"Su\u017einokite naujienas apie b\u016bsimus renginius ar tinklalaides ir nepraleiskite naujausi\u0173 teisini\u0173 poky\u010di\u0173 ir tendencij\u0173.\" \/>\n<meta name=\"robots\" content=\"noindex, follow, max-snippet:-1, max-image-preview:large, max-video-preview:-1\" \/>\n<meta property=\"og:locale\" content=\"lt_LT\" \/>\n<meta property=\"og:type\" content=\"article\" \/>\n<meta property=\"og:title\" content=\"\u012e\u017evalgos | TRINITI\" \/>\n<meta property=\"og:description\" content=\"Su\u017einokite naujienas apie b\u016bsimus renginius ar tinklalaides ir nepraleiskite naujausi\u0173 teisini\u0173 poky\u010di\u0173 ir tendencij\u0173.\" \/>\n<meta property=\"og:url\" content=\"https:\/\/arendus.triniti.ee\/insights\/\" \/>\n<meta property=\"og:site_name\" content=\"TRINITI JUREX - Baltijos \u0161ali\u0173 advokat\u0173 kontora\" \/>\n<meta property=\"article:modified_time\" content=\"2022-03-07T11:24:11+00:00\" \/>\n<meta name=\"twitter:card\" content=\"summary_large_image\" \/>\n<script type=\"application\/ld+json\" class=\"yoast-schema-graph\">{\"@context\":\"https:\/\/schema.org\",\"@graph\":[{\"@type\":\"WebPage\",\"@id\":\"https:\/\/arendus.triniti.ee\/insights\/\",\"url\":\"https:\/\/arendus.triniti.ee\/insights\/\",\"name\":\"\u012e\u017evalgos | TRINITI\",\"isPartOf\":{\"@id\":\"https:\/\/arendus.triniti.ee\/#website\"},\"datePublished\":\"2021-12-02T20:09:08+00:00\",\"dateModified\":\"2022-03-07T11:24:11+00:00\",\"description\":\"Su\u017einokite naujienas apie b\u016bsimus renginius ar tinklalaides ir nepraleiskite naujausi\u0173 teisini\u0173 poky\u010di\u0173 ir tendencij\u0173.\",\"breadcrumb\":{\"@id\":\"https:\/\/arendus.triniti.ee\/insights\/#breadcrumb\"},\"inLanguage\":\"lt-LT\",\"potentialAction\":[{\"@type\":\"ReadAction\",\"target\":[\"https:\/\/arendus.triniti.ee\/insights\/\"]}]},{\"@type\":\"BreadcrumbList\",\"@id\":\"https:\/\/arendus.triniti.ee\/insights\/#breadcrumb\",\"itemListElement\":[{\"@type\":\"ListItem\",\"position\":1,\"name\":\"Home\",\"item\":\"https:\/\/arendus.triniti.ee\/\"},{\"@type\":\"ListItem\",\"position\":2,\"name\":\"\u012e\u017evalgos\"}]},{\"@type\":\"WebSite\",\"@id\":\"https:\/\/arendus.triniti.ee\/#website\",\"url\":\"https:\/\/arendus.triniti.ee\/\",\"name\":\"TRINITI JUREX - Baltijos \u0161ali\u0173 advokat\u0173 kontora\",\"description\":\"The Future On Your Terms\",\"publisher\":{\"@id\":\"https:\/\/arendus.triniti.ee\/#organization\"},\"potentialAction\":[{\"@type\":\"SearchAction\",\"target\":{\"@type\":\"EntryPoint\",\"urlTemplate\":\"https:\/\/arendus.triniti.ee\/?s={search_term_string}\"},\"query-input\":\"required name=search_term_string\"}],\"inLanguage\":\"lt-LT\"},{\"@type\":\"Organization\",\"@id\":\"https:\/\/arendus.triniti.ee\/#organization\",\"name\":\"Triniti\",\"url\":\"https:\/\/arendus.triniti.ee\/\",\"logo\":{\"@type\":\"ImageObject\",\"inLanguage\":\"lt-LT\",\"@id\":\"https:\/\/arendus.triniti.ee\/#\/schema\/logo\/image\/\",\"url\":\"https:\/\/triniti.eu\/wp-content\/uploads\/2021\/12\/triniti-logo-en.svg\",\"contentUrl\":\"https:\/\/triniti.eu\/wp-content\/uploads\/2021\/12\/triniti-logo-en.svg\",\"width\":400,\"height\":117,\"caption\":\"Triniti\"},\"image\":{\"@id\":\"https:\/\/arendus.triniti.ee\/#\/schema\/logo\/image\/\"}}]}<\/script>\n<!-- \/ Yoast SEO plugin. -->","yoast_head_json":{"title":"\u012e\u017evalgos | TRINITI","description":"Su\u017einokite naujienas apie b\u016bsimus renginius ar tinklalaides ir nepraleiskite naujausi\u0173 teisini\u0173 poky\u010di\u0173 ir tendencij\u0173.","robots":{"index":"noindex","follow":"follow","max-snippet":"max-snippet:-1","max-image-preview":"max-image-preview:large","max-video-preview":"max-video-preview:-1"},"og_locale":"lt_LT","og_type":"article","og_title":"\u012e\u017evalgos | TRINITI","og_description":"Su\u017einokite naujienas apie b\u016bsimus renginius ar tinklalaides ir nepraleiskite naujausi\u0173 teisini\u0173 poky\u010di\u0173 ir tendencij\u0173.","og_url":"https:\/\/arendus.triniti.ee\/insights\/","og_site_name":"TRINITI JUREX - Baltijos \u0161ali\u0173 advokat\u0173 kontora","article_modified_time":"2022-03-07T11:24:11+00:00","twitter_card":"summary_large_image","schema":{"@context":"https:\/\/schema.org","@graph":[{"@type":"WebPage","@id":"https:\/\/arendus.triniti.ee\/insights\/","url":"https:\/\/arendus.triniti.ee\/insights\/","name":"\u012e\u017evalgos | TRINITI","isPartOf":{"@id":"https:\/\/arendus.triniti.ee\/#website"},"datePublished":"2021-12-02T20:09:08+00:00","dateModified":"2022-03-07T11:24:11+00:00","description":"Su\u017einokite naujienas apie b\u016bsimus renginius ar tinklalaides ir nepraleiskite naujausi\u0173 teisini\u0173 poky\u010di\u0173 ir tendencij\u0173.","breadcrumb":{"@id":"https:\/\/arendus.triniti.ee\/insights\/#breadcrumb"},"inLanguage":"lt-LT","potentialAction":[{"@type":"ReadAction","target":["https:\/\/arendus.triniti.ee\/insights\/"]}]},{"@type":"BreadcrumbList","@id":"https:\/\/arendus.triniti.ee\/insights\/#breadcrumb","itemListElement":[{"@type":"ListItem","position":1,"name":"Home","item":"https:\/\/arendus.triniti.ee\/"},{"@type":"ListItem","position":2,"name":"\u012e\u017evalgos"}]},{"@type":"WebSite","@id":"https:\/\/arendus.triniti.ee\/#website","url":"https:\/\/arendus.triniti.ee\/","name":"TRINITI JUREX - Baltijos \u0161ali\u0173 advokat\u0173 kontora","description":"The Future On Your Terms","publisher":{"@id":"https:\/\/arendus.triniti.ee\/#organization"},"potentialAction":[{"@type":"SearchAction","target":{"@type":"EntryPoint","urlTemplate":"https:\/\/arendus.triniti.ee\/?s={search_term_string}"},"query-input":"required name=search_term_string"}],"inLanguage":"lt-LT"},{"@type":"Organization","@id":"https:\/\/arendus.triniti.ee\/#organization","name":"Triniti","url":"https:\/\/arendus.triniti.ee\/","logo":{"@type":"ImageObject","inLanguage":"lt-LT","@id":"https:\/\/arendus.triniti.ee\/#\/schema\/logo\/image\/","url":"https:\/\/triniti.eu\/wp-content\/uploads\/2021\/12\/triniti-logo-en.svg","contentUrl":"https:\/\/triniti.eu\/wp-content\/uploads\/2021\/12\/triniti-logo-en.svg","width":400,"height":117,"caption":"Triniti"},"image":{"@id":"https:\/\/arendus.triniti.ee\/#\/schema\/logo\/image\/"}}]}},"_links":{"self":[{"href":"https:\/\/arendus.triniti.ee\/lt\/wp-json\/wp\/v2\/pages\/3848","targetHints":{"allow":["GET"]}}],"collection":[{"href":"https:\/\/arendus.triniti.ee\/lt\/wp-json\/wp\/v2\/pages"}],"about":[{"href":"https:\/\/arendus.triniti.ee\/lt\/wp-json\/wp\/v2\/types\/page"}],"author":[{"embeddable":true,"href":"https:\/\/arendus.triniti.ee\/lt\/wp-json\/wp\/v2\/users\/1"}],"replies":[{"embeddable":true,"href":"https:\/\/arendus.triniti.ee\/lt\/wp-json\/wp\/v2\/comments?post=3848"}],"version-history":[{"count":0,"href":"https:\/\/arendus.triniti.ee\/lt\/wp-json\/wp\/v2\/pages\/3848\/revisions"}],"wp:attachment":[{"href":"https:\/\/arendus.triniti.ee\/lt\/wp-json\/wp\/v2\/media?parent=3848"}],"curies":[{"name":"wp","href":"https:\/\/api.w.org\/{rel}","templated":true}]}}