{"id":3841,"date":"2021-12-02T19:57:11","date_gmt":"2021-12-02T19:57:11","guid":{"rendered":"http:\/\/triniti.eu\/karjera\/"},"modified":"2024-04-22T06:16:25","modified_gmt":"2024-04-22T06:16:25","slug":"karjera","status":"publish","type":"page","link":"https:\/\/arendus.triniti.ee\/lt\/karjera\/","title":{"rendered":"Karjera"},"content":{"rendered":"","protected":false},"excerpt":{"rendered":"","protected":false},"author":1,"featured_media":0,"parent":0,"menu_order":0,"comment_status":"closed","ping_status":"closed","template":"templates\/page-career-.php","meta":{"inline_featured_image":false,"footnotes":""},"class_list":["post-3841","page","type-page","status-publish","hentry"],"acf":[],"yoast_head":"<!-- This site is optimized with the Yoast SEO plugin v20.9 - https:\/\/yoast.com\/wordpress\/plugins\/seo\/ -->\n<title>Karjera | TRINITI JUREX - Baltijos \u0161ali\u0173 advokat\u0173 kontora<\/title>\n<meta name=\"description\" content=\"Ateitis d\u017eiugina , kai esame aktyv\u016bs jos k\u016br\u0117jai, o ne pasyv\u016bs steb\u0117tojai \u2013 tai sakome savo klientams ir kolegoms.\" \/>\n<meta name=\"robots\" content=\"noindex, follow, max-snippet:-1, max-image-preview:large, max-video-preview:-1\" \/>\n<meta property=\"og:locale\" content=\"lt_LT\" \/>\n<meta property=\"og:type\" content=\"article\" \/>\n<meta property=\"og:title\" content=\"Karjera | TRINITI JUREX - Baltijos \u0161ali\u0173 advokat\u0173 kontora\" \/>\n<meta property=\"og:description\" content=\"Ateitis d\u017eiugina , kai esame aktyv\u016bs jos k\u016br\u0117jai, o ne pasyv\u016bs steb\u0117tojai \u2013 tai sakome savo klientams ir kolegoms.\" \/>\n<meta property=\"og:url\" content=\"https:\/\/arendus.triniti.ee\/career\/\" \/>\n<meta property=\"og:site_name\" content=\"TRINITI JUREX - Baltijos \u0161ali\u0173 advokat\u0173 kontora\" \/>\n<meta property=\"article:modified_time\" content=\"2024-04-22T06:16:25+00:00\" \/>\n<meta name=\"twitter:card\" content=\"summary_large_image\" \/>\n<script type=\"application\/ld+json\" class=\"yoast-schema-graph\">{\"@context\":\"https:\/\/schema.org\",\"@graph\":[{\"@type\":\"WebPage\",\"@id\":\"https:\/\/arendus.triniti.ee\/career\/\",\"url\":\"https:\/\/arendus.triniti.ee\/career\/\",\"name\":\"Karjera | TRINITI JUREX - Baltijos \u0161ali\u0173 advokat\u0173 kontora\",\"isPartOf\":{\"@id\":\"https:\/\/arendus.triniti.ee\/#website\"},\"datePublished\":\"2021-12-02T19:57:11+00:00\",\"dateModified\":\"2024-04-22T06:16:25+00:00\",\"description\":\"Ateitis d\u017eiugina , kai esame aktyv\u016bs jos k\u016br\u0117jai, o ne pasyv\u016bs steb\u0117tojai \u2013 tai sakome savo klientams ir kolegoms.\",\"breadcrumb\":{\"@id\":\"https:\/\/arendus.triniti.ee\/career\/#breadcrumb\"},\"inLanguage\":\"lt-LT\",\"potentialAction\":[{\"@type\":\"ReadAction\",\"target\":[\"https:\/\/arendus.triniti.ee\/career\/\"]}]},{\"@type\":\"BreadcrumbList\",\"@id\":\"https:\/\/arendus.triniti.ee\/career\/#breadcrumb\",\"itemListElement\":[{\"@type\":\"ListItem\",\"position\":1,\"name\":\"Home\",\"item\":\"https:\/\/arendus.triniti.ee\/\"},{\"@type\":\"ListItem\",\"position\":2,\"name\":\"Karjera\"}]},{\"@type\":\"WebSite\",\"@id\":\"https:\/\/arendus.triniti.ee\/#website\",\"url\":\"https:\/\/arendus.triniti.ee\/\",\"name\":\"TRINITI JUREX - Baltijos \u0161ali\u0173 advokat\u0173 kontora\",\"description\":\"The Future On Your Terms\",\"publisher\":{\"@id\":\"https:\/\/arendus.triniti.ee\/#organization\"},\"potentialAction\":[{\"@type\":\"SearchAction\",\"target\":{\"@type\":\"EntryPoint\",\"urlTemplate\":\"https:\/\/arendus.triniti.ee\/?s={search_term_string}\"},\"query-input\":\"required name=search_term_string\"}],\"inLanguage\":\"lt-LT\"},{\"@type\":\"Organization\",\"@id\":\"https:\/\/arendus.triniti.ee\/#organization\",\"name\":\"Triniti\",\"url\":\"https:\/\/arendus.triniti.ee\/\",\"logo\":{\"@type\":\"ImageObject\",\"inLanguage\":\"lt-LT\",\"@id\":\"https:\/\/arendus.triniti.ee\/#\/schema\/logo\/image\/\",\"url\":\"https:\/\/triniti.eu\/wp-content\/uploads\/2021\/12\/triniti-logo-en.svg\",\"contentUrl\":\"https:\/\/triniti.eu\/wp-content\/uploads\/2021\/12\/triniti-logo-en.svg\",\"width\":400,\"height\":117,\"caption\":\"Triniti\"},\"image\":{\"@id\":\"https:\/\/arendus.triniti.ee\/#\/schema\/logo\/image\/\"}}]}<\/script>\n<!-- \/ Yoast SEO plugin. -->","yoast_head_json":{"title":"Karjera | TRINITI JUREX - Baltijos \u0161ali\u0173 advokat\u0173 kontora","description":"Ateitis d\u017eiugina , kai esame aktyv\u016bs jos k\u016br\u0117jai, o ne pasyv\u016bs steb\u0117tojai \u2013 tai sakome savo klientams ir kolegoms.","robots":{"index":"noindex","follow":"follow","max-snippet":"max-snippet:-1","max-image-preview":"max-image-preview:large","max-video-preview":"max-video-preview:-1"},"og_locale":"lt_LT","og_type":"article","og_title":"Karjera | TRINITI JUREX - Baltijos \u0161ali\u0173 advokat\u0173 kontora","og_description":"Ateitis d\u017eiugina , kai esame aktyv\u016bs jos k\u016br\u0117jai, o ne pasyv\u016bs steb\u0117tojai \u2013 tai sakome savo klientams ir kolegoms.","og_url":"https:\/\/arendus.triniti.ee\/career\/","og_site_name":"TRINITI JUREX - Baltijos \u0161ali\u0173 advokat\u0173 kontora","article_modified_time":"2024-04-22T06:16:25+00:00","twitter_card":"summary_large_image","schema":{"@context":"https:\/\/schema.org","@graph":[{"@type":"WebPage","@id":"https:\/\/arendus.triniti.ee\/career\/","url":"https:\/\/arendus.triniti.ee\/career\/","name":"Karjera | TRINITI JUREX - Baltijos \u0161ali\u0173 advokat\u0173 kontora","isPartOf":{"@id":"https:\/\/arendus.triniti.ee\/#website"},"datePublished":"2021-12-02T19:57:11+00:00","dateModified":"2024-04-22T06:16:25+00:00","description":"Ateitis d\u017eiugina , kai esame aktyv\u016bs jos k\u016br\u0117jai, o ne pasyv\u016bs steb\u0117tojai \u2013 tai sakome savo klientams ir kolegoms.","breadcrumb":{"@id":"https:\/\/arendus.triniti.ee\/career\/#breadcrumb"},"inLanguage":"lt-LT","potentialAction":[{"@type":"ReadAction","target":["https:\/\/arendus.triniti.ee\/career\/"]}]},{"@type":"BreadcrumbList","@id":"https:\/\/arendus.triniti.ee\/career\/#breadcrumb","itemListElement":[{"@type":"ListItem","position":1,"name":"Home","item":"https:\/\/arendus.triniti.ee\/"},{"@type":"ListItem","position":2,"name":"Karjera"}]},{"@type":"WebSite","@id":"https:\/\/arendus.triniti.ee\/#website","url":"https:\/\/arendus.triniti.ee\/","name":"TRINITI JUREX - Baltijos \u0161ali\u0173 advokat\u0173 kontora","description":"The Future On Your Terms","publisher":{"@id":"https:\/\/arendus.triniti.ee\/#organization"},"potentialAction":[{"@type":"SearchAction","target":{"@type":"EntryPoint","urlTemplate":"https:\/\/arendus.triniti.ee\/?s={search_term_string}"},"query-input":"required name=search_term_string"}],"inLanguage":"lt-LT"},{"@type":"Organization","@id":"https:\/\/arendus.triniti.ee\/#organization","name":"Triniti","url":"https:\/\/arendus.triniti.ee\/","logo":{"@type":"ImageObject","inLanguage":"lt-LT","@id":"https:\/\/arendus.triniti.ee\/#\/schema\/logo\/image\/","url":"https:\/\/triniti.eu\/wp-content\/uploads\/2021\/12\/triniti-logo-en.svg","contentUrl":"https:\/\/triniti.eu\/wp-content\/uploads\/2021\/12\/triniti-logo-en.svg","width":400,"height":117,"caption":"Triniti"},"image":{"@id":"https:\/\/arendus.triniti.ee\/#\/schema\/logo\/image\/"}}]}},"_links":{"self":[{"href":"https:\/\/arendus.triniti.ee\/lt\/wp-json\/wp\/v2\/pages\/3841","targetHints":{"allow":["GET"]}}],"collection":[{"href":"https:\/\/arendus.triniti.ee\/lt\/wp-json\/wp\/v2\/pages"}],"about":[{"href":"https:\/\/arendus.triniti.ee\/lt\/wp-json\/wp\/v2\/types\/page"}],"author":[{"embeddable":true,"href":"https:\/\/arendus.triniti.ee\/lt\/wp-json\/wp\/v2\/users\/1"}],"replies":[{"embeddable":true,"href":"https:\/\/arendus.triniti.ee\/lt\/wp-json\/wp\/v2\/comments?post=3841"}],"version-history":[{"count":10,"href":"https:\/\/arendus.triniti.ee\/lt\/wp-json\/wp\/v2\/pages\/3841\/revisions"}],"predecessor-version":[{"id":28594,"href":"https:\/\/arendus.triniti.ee\/lt\/wp-json\/wp\/v2\/pages\/3841\/revisions\/28594"}],"wp:attachment":[{"href":"https:\/\/arendus.triniti.ee\/lt\/wp-json\/wp\/v2\/media?parent=3841"}],"curies":[{"name":"wp","href":"https:\/\/api.w.org\/{rel}","templated":true}]}}