{"id":3839,"date":"2021-12-02T19:49:21","date_gmt":"2021-12-02T19:49:21","guid":{"rendered":"http:\/\/triniti.eu\/apie-mus\/"},"modified":"2024-04-18T09:59:32","modified_gmt":"2024-04-18T09:59:32","slug":"apie-triniti","status":"publish","type":"page","link":"https:\/\/arendus.triniti.ee\/lt\/apie-triniti\/","title":{"rendered":"Apie TRINITI"},"content":{"rendered":"","protected":false},"excerpt":{"rendered":"","protected":false},"author":1,"featured_media":0,"parent":0,"menu_order":0,"comment_status":"closed","ping_status":"closed","template":"templates\/page-about.php","meta":{"inline_featured_image":false,"footnotes":""},"class_list":["post-3839","page","type-page","status-publish","hentry"],"acf":[],"yoast_head":"<!-- This site is optimized with the Yoast SEO plugin v20.9 - https:\/\/yoast.com\/wordpress\/plugins\/seo\/ -->\n<title>Verslo teis\u0117s paslaugos | TRINITI JUREX - Baltijos \u0161ali\u0173 advokat\u0173 kontora<\/title>\n<meta name=\"description\" content=\"Daugiau nei 10 met\u0173 patirtis teis\u0117s srityje. Daugiau nei 90 specialist\u0173, pasirengusi\u0173 pad\u0117ti jums visais teisiniais klausimais. Susisiekite!\" \/>\n<meta name=\"robots\" content=\"noindex, follow, max-snippet:-1, max-image-preview:large, max-video-preview:-1\" \/>\n<meta property=\"og:locale\" content=\"lt_LT\" \/>\n<meta property=\"og:type\" content=\"article\" \/>\n<meta property=\"og:title\" content=\"Verslo teis\u0117s paslaugos | TRINITI JUREX - Baltijos \u0161ali\u0173 advokat\u0173 kontora\" \/>\n<meta property=\"og:description\" content=\"Daugiau nei 10 met\u0173 patirtis teis\u0117s srityje. Daugiau nei 90 specialist\u0173, pasirengusi\u0173 pad\u0117ti jums visais teisiniais klausimais. Susisiekite!\" \/>\n<meta property=\"og:url\" content=\"https:\/\/arendus.triniti.ee\/about-triniti\/\" \/>\n<meta property=\"og:site_name\" content=\"TRINITI JUREX - Baltijos \u0161ali\u0173 advokat\u0173 kontora\" \/>\n<meta property=\"article:modified_time\" content=\"2024-04-18T09:59:32+00:00\" \/>\n<meta name=\"twitter:card\" content=\"summary_large_image\" \/>\n<script type=\"application\/ld+json\" class=\"yoast-schema-graph\">{\"@context\":\"https:\/\/schema.org\",\"@graph\":[{\"@type\":\"WebPage\",\"@id\":\"https:\/\/arendus.triniti.ee\/about-triniti\/\",\"url\":\"https:\/\/arendus.triniti.ee\/about-triniti\/\",\"name\":\"Verslo teis\u0117s paslaugos | TRINITI JUREX - Baltijos \u0161ali\u0173 advokat\u0173 kontora\",\"isPartOf\":{\"@id\":\"https:\/\/arendus.triniti.ee\/#website\"},\"datePublished\":\"2021-12-02T19:49:21+00:00\",\"dateModified\":\"2024-04-18T09:59:32+00:00\",\"description\":\"Daugiau nei 10 met\u0173 patirtis teis\u0117s srityje. Daugiau nei 90 specialist\u0173, pasirengusi\u0173 pad\u0117ti jums visais teisiniais klausimais. Susisiekite!\",\"breadcrumb\":{\"@id\":\"https:\/\/arendus.triniti.ee\/about-triniti\/#breadcrumb\"},\"inLanguage\":\"lt-LT\",\"potentialAction\":[{\"@type\":\"ReadAction\",\"target\":[\"https:\/\/arendus.triniti.ee\/about-triniti\/\"]}]},{\"@type\":\"BreadcrumbList\",\"@id\":\"https:\/\/arendus.triniti.ee\/about-triniti\/#breadcrumb\",\"itemListElement\":[{\"@type\":\"ListItem\",\"position\":1,\"name\":\"Home\",\"item\":\"https:\/\/arendus.triniti.ee\/\"},{\"@type\":\"ListItem\",\"position\":2,\"name\":\"Apie TRINITI\"}]},{\"@type\":\"WebSite\",\"@id\":\"https:\/\/arendus.triniti.ee\/#website\",\"url\":\"https:\/\/arendus.triniti.ee\/\",\"name\":\"TRINITI JUREX - Baltijos \u0161ali\u0173 advokat\u0173 kontora\",\"description\":\"The Future On Your Terms\",\"publisher\":{\"@id\":\"https:\/\/arendus.triniti.ee\/#organization\"},\"potentialAction\":[{\"@type\":\"SearchAction\",\"target\":{\"@type\":\"EntryPoint\",\"urlTemplate\":\"https:\/\/arendus.triniti.ee\/?s={search_term_string}\"},\"query-input\":\"required name=search_term_string\"}],\"inLanguage\":\"lt-LT\"},{\"@type\":\"Organization\",\"@id\":\"https:\/\/arendus.triniti.ee\/#organization\",\"name\":\"Triniti\",\"url\":\"https:\/\/arendus.triniti.ee\/\",\"logo\":{\"@type\":\"ImageObject\",\"inLanguage\":\"lt-LT\",\"@id\":\"https:\/\/arendus.triniti.ee\/#\/schema\/logo\/image\/\",\"url\":\"https:\/\/triniti.eu\/wp-content\/uploads\/2021\/12\/triniti-logo-en.svg\",\"contentUrl\":\"https:\/\/triniti.eu\/wp-content\/uploads\/2021\/12\/triniti-logo-en.svg\",\"width\":400,\"height\":117,\"caption\":\"Triniti\"},\"image\":{\"@id\":\"https:\/\/arendus.triniti.ee\/#\/schema\/logo\/image\/\"}}]}<\/script>\n<!-- \/ Yoast SEO plugin. -->","yoast_head_json":{"title":"Verslo teis\u0117s paslaugos | TRINITI JUREX - Baltijos \u0161ali\u0173 advokat\u0173 kontora","description":"Daugiau nei 10 met\u0173 patirtis teis\u0117s srityje. Daugiau nei 90 specialist\u0173, pasirengusi\u0173 pad\u0117ti jums visais teisiniais klausimais. Susisiekite!","robots":{"index":"noindex","follow":"follow","max-snippet":"max-snippet:-1","max-image-preview":"max-image-preview:large","max-video-preview":"max-video-preview:-1"},"og_locale":"lt_LT","og_type":"article","og_title":"Verslo teis\u0117s paslaugos | TRINITI JUREX - Baltijos \u0161ali\u0173 advokat\u0173 kontora","og_description":"Daugiau nei 10 met\u0173 patirtis teis\u0117s srityje. Daugiau nei 90 specialist\u0173, pasirengusi\u0173 pad\u0117ti jums visais teisiniais klausimais. Susisiekite!","og_url":"https:\/\/arendus.triniti.ee\/about-triniti\/","og_site_name":"TRINITI JUREX - Baltijos \u0161ali\u0173 advokat\u0173 kontora","article_modified_time":"2024-04-18T09:59:32+00:00","twitter_card":"summary_large_image","schema":{"@context":"https:\/\/schema.org","@graph":[{"@type":"WebPage","@id":"https:\/\/arendus.triniti.ee\/about-triniti\/","url":"https:\/\/arendus.triniti.ee\/about-triniti\/","name":"Verslo teis\u0117s paslaugos | TRINITI JUREX - Baltijos \u0161ali\u0173 advokat\u0173 kontora","isPartOf":{"@id":"https:\/\/arendus.triniti.ee\/#website"},"datePublished":"2021-12-02T19:49:21+00:00","dateModified":"2024-04-18T09:59:32+00:00","description":"Daugiau nei 10 met\u0173 patirtis teis\u0117s srityje. Daugiau nei 90 specialist\u0173, pasirengusi\u0173 pad\u0117ti jums visais teisiniais klausimais. Susisiekite!","breadcrumb":{"@id":"https:\/\/arendus.triniti.ee\/about-triniti\/#breadcrumb"},"inLanguage":"lt-LT","potentialAction":[{"@type":"ReadAction","target":["https:\/\/arendus.triniti.ee\/about-triniti\/"]}]},{"@type":"BreadcrumbList","@id":"https:\/\/arendus.triniti.ee\/about-triniti\/#breadcrumb","itemListElement":[{"@type":"ListItem","position":1,"name":"Home","item":"https:\/\/arendus.triniti.ee\/"},{"@type":"ListItem","position":2,"name":"Apie TRINITI"}]},{"@type":"WebSite","@id":"https:\/\/arendus.triniti.ee\/#website","url":"https:\/\/arendus.triniti.ee\/","name":"TRINITI JUREX - Baltijos \u0161ali\u0173 advokat\u0173 kontora","description":"The Future On Your Terms","publisher":{"@id":"https:\/\/arendus.triniti.ee\/#organization"},"potentialAction":[{"@type":"SearchAction","target":{"@type":"EntryPoint","urlTemplate":"https:\/\/arendus.triniti.ee\/?s={search_term_string}"},"query-input":"required name=search_term_string"}],"inLanguage":"lt-LT"},{"@type":"Organization","@id":"https:\/\/arendus.triniti.ee\/#organization","name":"Triniti","url":"https:\/\/arendus.triniti.ee\/","logo":{"@type":"ImageObject","inLanguage":"lt-LT","@id":"https:\/\/arendus.triniti.ee\/#\/schema\/logo\/image\/","url":"https:\/\/triniti.eu\/wp-content\/uploads\/2021\/12\/triniti-logo-en.svg","contentUrl":"https:\/\/triniti.eu\/wp-content\/uploads\/2021\/12\/triniti-logo-en.svg","width":400,"height":117,"caption":"Triniti"},"image":{"@id":"https:\/\/arendus.triniti.ee\/#\/schema\/logo\/image\/"}}]}},"_links":{"self":[{"href":"https:\/\/arendus.triniti.ee\/lt\/wp-json\/wp\/v2\/pages\/3839","targetHints":{"allow":["GET"]}}],"collection":[{"href":"https:\/\/arendus.triniti.ee\/lt\/wp-json\/wp\/v2\/pages"}],"about":[{"href":"https:\/\/arendus.triniti.ee\/lt\/wp-json\/wp\/v2\/types\/page"}],"author":[{"embeddable":true,"href":"https:\/\/arendus.triniti.ee\/lt\/wp-json\/wp\/v2\/users\/1"}],"replies":[{"embeddable":true,"href":"https:\/\/arendus.triniti.ee\/lt\/wp-json\/wp\/v2\/comments?post=3839"}],"version-history":[{"count":11,"href":"https:\/\/arendus.triniti.ee\/lt\/wp-json\/wp\/v2\/pages\/3839\/revisions"}],"predecessor-version":[{"id":28529,"href":"https:\/\/arendus.triniti.ee\/lt\/wp-json\/wp\/v2\/pages\/3839\/revisions\/28529"}],"wp:attachment":[{"href":"https:\/\/arendus.triniti.ee\/lt\/wp-json\/wp\/v2\/media?parent=3839"}],"curies":[{"name":"wp","href":"https:\/\/api.w.org\/{rel}","templated":true}]}}