{"id":5143,"date":"2021-12-06T13:35:20","date_gmt":"2021-12-06T13:35:20","guid":{"rendered":"http:\/\/triniti.eu\/homepage\/"},"modified":"2022-04-09T11:41:39","modified_gmt":"2022-04-09T11:41:39","slug":"homepage","status":"publish","type":"page","link":"https:\/\/arendus.triniti.ee\/de\/","title":{"rendered":"Startseite"},"content":{"rendered":"","protected":false},"excerpt":{"rendered":"","protected":false},"author":1,"featured_media":0,"parent":0,"menu_order":0,"comment_status":"closed","ping_status":"closed","template":"templates\/page-home.php","meta":{"inline_featured_image":false,"footnotes":""},"class_list":["post-5143","page","type-page","status-publish","hentry"],"acf":{"home_1_background_videos":[{"video":"775693554?h=f18a34c468","video_file":28220,"country":"all"},{"video":"649989071?h=4f7413de78","video_file":28228,"country":"estonia"},{"video":"649989810?h=d1056c6d9c","video_file":28235,"country":"latvia"},{"video":"649989535?h=f511b893d7","video_file":28242,"country":"lithuania"}],"home_1_background_mobile":[{"image":20812,"country":"all"},{"image":20804,"country":"estonia"},{"image":20820,"country":"latvia"},{"image":20830,"country":"lithuania"}],"home_1_background_photo":5144,"home_1_title_gr":{"all":"The future on<br\/> your terms","estonia":"The future on<br\/> your terms","latvia":"The future on<br\/> your terms","lithuania":"The future on<br\/> your terms"},"home_1_caption_gr":{"all":"Panbaltische Anwaltskanzlei","estonia":"Panbaltische Anwaltskanzlei","latvia":"Panbaltische Anwaltskanzlei","lithuania":"Panbaltische Anwaltskanzlei"},"home_1_subcaption":"Runter","home_2_subtitle_gr":{"all":"Unsere exklusiven Leistungen <span>f\u00fcr Ihr Unternehmen<\/span>","estonia":"","latvia":"","lithuania":""},"home_new_new_2_2_content_all":[{"all_1":"Fehler verhindern","all_2":13461,"all_3":[{"all_all_1":"Wir sind entschlossen, unsere Komfortzone zu verlassen, um unseren Kunden mehr Komfort zu bieten.","all_all_2":""},{"all_all_1":"Unser Interessengebiet ist nicht nur Recht. Die St\u00e4rke unserer Mitarbeiter liegt in einem starken Hintergrund der weitreichenden Erfahrung in verschiedenen Sektoren und Gesch\u00e4ftsumfeld im Allgemeinen.","all_all_2":""}]},{"all_1":"Wachstum f\u00f6rdern ","all_2":13437,"all_3":[{"all_all_1":"Wir sind keine Beobachter, sondern Gestalter des Gesch\u00e4ftsumfelds, indem wir alle Rechtsgebiete abdecken.","all_all_2":""},{"all_all_1":"Wir helfen unseren Kunden, ihre Dienstleistungen zu verbessern, indem wir uns selbst st\u00e4ndig weiterentwickeln. Dies hat uns zu einer der TOP 10 der gr\u00f6\u00dften Anwaltskanzleien im Baltikum gemacht.","all_all_2":""}]},{"all_1":"Herausforderungen bew\u00e4ltigen","all_2":13485,"all_3":[{"all_all_1":"Was auch immer das Morgen bringt, wir sind bereit, als Erste den Weg f\u00fcr neue rechtliche L\u00f6sungen zu ebnen.","all_all_2":""},{"all_all_1":"Wir beraten unsere Kunden bei der Vorbereitung von \u00c4nderungen und gehen nach Abw\u00e4gung aller m\u00f6glichen rechtlichen Herausforderungen weiter.","all_all_2":""}]}],"home_new_new_2_2_content_estonia":null,"home_new_new_2_2_content_latvia":null,"home_new_new_2_2_content_lithuania":null,"home_new_3_practice_areas_all":[{"all_1":"Dienstleistungen","all_2":[{"all_all":{"title":"Bank- und Finanzrecht","url":"\/de\/","target":""}},{"all_all":{"title":"Besch\u00e4ftigung &amp; Anreize","url":"\/de\/","target":""}},{"all_all":{"title":"Gesellschaftsrecht, Handelsrecht &amp; M&amp;A","url":"\/de\/","target":""}},{"all_all":{"title":"Immobilien- und Baurecht","url":"\/de\/","target":""}},{"all_all":{"title":"Insolvenz &amp; Inkasso","url":"\/de\/","target":""}},{"all_all":{"title":"IT, Datenschutz &amp; Privatsph\u00e4re","url":"\/de\/","target":""}},{"all_all":{"title":"Medien- und Unterhaltungsrecht","url":"\/de\/","target":""}},{"all_all":{"title":"Migration &amp; Umzug","url":"\/de\/","target":""}},{"all_all":{"title":"\u00d6ffentliches Beschaffungswesen und \u00f6ffentlich-private Partnerschaften","url":"\/de\/","target":""}},{"all_all":{"title":"Private Equity, Venture Capital &amp; Startups","url":"\/de\/","target":""}},{"all_all":{"title":"Regulierungs-, Compliance- und Risikomanagement","url":"\/de\/","target":""}},{"all_all":{"title":"Steuerrecht","url":"\/de\/","target":""}},{"all_all":{"title":"Strafrecht","url":"\/de\/","target":""}},{"all_all":{"title":"Streitbeilegung, Schiedsverfahren &amp; Konfliktmanagement","url":"\/de\/","target":""}},{"all_all":{"title":"Umwelt, Soziales und Governance (ESG)","url":"\/de\/","target":""}},{"all_all":{"title":"Urheberrechtsgesetz","url":"\/de\/","target":""}},{"all_all":{"title":"Verkehrs- und Infrastrukturrecht","url":"\/de\/","target":""}},{"all_all":{"title":"Verwaltungsrecht","url":"\/de\/","target":""}},{"all_all":{"title":"Wettbewerbsrecht","url":"\/de\/","target":""}}]},{"all_1":"Branchen","all_2":[{"all_all":{"title":"Agrarindustrie &amp; Lebensmittel","url":"\/de\/","target":""}},{"all_all":{"title":"Automobil","url":"\/de\/","target":""}},{"all_all":{"title":"Banken &amp; Fintech","url":"\/de\/","target":""}},{"all_all":{"title":"Energie &amp; Dienstprogramme","url":"\/de\/","target":""}},{"all_all":{"title":"Gesundheitswesen &amp; Biowissenschaften","url":"\/de\/","target":""}},{"all_all":{"title":"Immobilien &amp; Bau","url":"\/de\/","target":""}},{"all_all":{"title":"Logistik","url":"\/de\/","target":""}},{"all_all":{"title":"Luftfahrt &amp; Schifffahrt","url":"\/de\/","target":""}},{"all_all":{"title":"Private Equity und Risikokapital","url":"\/de\/","target":""}},{"all_all":{"title":"Sport &amp; Gaming","url":"\/de\/","target":""}},{"all_all":{"title":"Startups","url":"\/de\/","target":""}},{"all_all":{"title":"Technologie, Kommunikation &amp; Medien","url":"\/de\/","target":""}},{"all_all":{"title":"Verbraucher &amp; Einzelhandel","url":"\/de\/","target":""}},{"all_all":{"title":"Versicherung","url":"\/de\/","target":""}}]}],"home_new_3_practice_areas_estonia":null,"home_new_3_practice_areas_latvia":null,"home_new_3_practice_areas_lithuania":null,"home_3_text_gr":{"all":"Die Zukunft ist dann am <\/br><span>aussichtsreichsten, wenn sie nach Ihren Vorstellungen gestaltet wird.<span>","estonia":"","latvia":"","lithuania":""},"home_3_bgs":[{"photo":6638,"country":"latvia"},{"photo":6630,"country":"lithuania"},{"photo":6604,"country":"all"},{"photo":6614,"country":"estonia"}],"home_3_bgs_mob":[{"image":6654,"country":"all"},{"image":6646,"country":"estonia"},{"image":6670,"country":"latvia"},{"image":6662,"country":"lithuania"}],"home_6_subtitle_gr":{"all":"Die TRINITI-Philosophie ","estonia":"","latvia":"","lithuania":""},"home_new_6_philosophies_all":[{"all_1":"Klare professionelle Beratung ","all_2":"<span class=\"TextRun SCXW13583417 BCX0\" lang=\"DE\" xml:lang=\"DE\" data-contrast=\"auto\"><span class=\"NormalTextRun SCXW13583417 BCX0\">Rechtliche Entscheidungen sind schwierig, aber sie werden von unserer Seite immer mit Bedacht abgewogen und deutlich gemacht. Wir sprechen \u00fcber das<\/span><span class=\"NormalTextRun SCXW13583417 BCX0\"> Wesentliche, k\u00fcmmern uns nicht um die Kleinigkeiten und erkl\u00e4ren komplexe juristische Sachverhalte zielgerichtet und menschlich.<\/span><\/span><span class=\"EOP SCXW13583417 BCX0\" data-ccp-props=\"{&quot;134233117&quot;:true,&quot;134233118&quot;:true,&quot;201341983&quot;:0,&quot;335559739&quot;:0,&quot;335559740&quot;:240}\">\u00a0<\/span>"},{"all_1":"Aufmerksamkeit f\u00fcr Ihr Angelegenheiten ","all_2":"<span class=\"TextRun SCXW186618780 BCX0\" lang=\"DE\" xml:lang=\"DE\" data-contrast=\"auto\"><span class=\"NormalTextRun SCXW186618780 BCX0\">Wir sehen unsere Kunden als Gesch\u00e4ftspartner und nicht als <\/span><span class=\"NormalTextRun SCXW186618780 BCX0\">Dienstleistungsempf\u00e4nger, daher gehen wir auf ihre Angelegenheiten ein, als ob es unser Gesch\u00e4ft w\u00e4re. Wir arbeiten so lange, bis wir die am besten geeignete L\u00f6sung gefunden haben und lassen den Kunden nicht in einer unbekannten oder riskanten Rechtslage.<\/span><\/span><span class=\"EOP SCXW186618780 BCX0\" data-ccp-props=\"{&quot;134233117&quot;:true,&quot;134233118&quot;:true,&quot;201341983&quot;:0,&quot;335559739&quot;:0,&quot;335559740&quot;:240}\">\u00a0<\/span>"},{"all_1":"Praxisorientierter Ansatz der Partner ","all_2":"<span class=\"NormalTextRun SCXW244668544 BCX0\">F\u00fc<\/span><span class=\"NormalTextRun SCXW244668544 BCX0\">r jede Situation gibt es eine L\u00f6sung. Wir suchen nach rechtlichen L\u00f6sungen, indem wir den vollen Nutzen der Kundenbed\u00fcrfnisse aus einem praktischen Ansatz heraus bewerten. Der Anwalt \u00fcbernimmt die volle Verantwortung und \u00dcberwachung des Prozesses, so dass <\/span><span class=\"NormalTextRun SCXW244668544 BCX0\">sich die Kunden auf ihre gesch\u00e4ftlichen Angelegenheiten konzentrieren k\u00f6nnen.<\/span>"},{"all_1":"Schlanker Prozess & g\u00fcnstige Preise ","all_2":"<span class=\"TextRun SCXW40707939 BCX0\" lang=\"DE\" xml:lang=\"DE\" data-contrast=\"auto\"><span class=\"NormalTextRun SCXW40707939 BCX0\">Wir bem\u00fchen uns, die Bed\u00fcrfnisse des Kunden zu erf\u00fcllen, indem wir die Qualit\u00e4t der Dienstleistungen kontinuierlich verbessern, die Produktivit\u00e4t steigern und eine kreative Einstellung <\/span><span class=\"NormalTextRun SCXW40707939 BCX0\">einsetzen. Inzwischen h\u00e4ngt die angemessene Preisgestaltung von gut gesteuerten Prozessen ab. Wir optimieren es so, dass die Arbeit reibungslos abl\u00e4uft, ohne dass die Kosten f\u00fcr das Delegieren von Aufgaben anfallen.<\/span><\/span><span class=\"EOP SCXW40707939 BCX0\" data-ccp-props=\"{&quot;134233117&quot;:true,&quot;134233118&quot;:true,&quot;201341983&quot;:0,&quot;335559739&quot;:0,&quot;335559740&quot;:240}\">\u00a0<\/span>"}],"home_new_6_philosophies_estonia":null,"home_new_6_philosophies_latvia":null,"home_new_6_philosophies_lithuania":null,"home_5_experiences":[{"office":"","office_experiences":""}],"home_4_bottom_block":"Das waren ihre Bedingungen. <span>Was sind deine? <a href=\"\/de\/kontakte\/\">Lass uns diskutieren<\/a><\/span>"},"yoast_head":"<!-- This site is optimized with the Yoast SEO plugin v20.9 - https:\/\/yoast.com\/wordpress\/plugins\/seo\/ -->\n<title>Die Zukunft zu Ihren Bedingungen | TRINITI - Panbaltische Anwaltskanzlei<\/title>\n<meta name=\"description\" content=\"Rechtsbeistand im gesamten Baltikum. Lassen Sie uns Ihr Projekt gemeinsam beginnen!\" \/>\n<meta name=\"robots\" content=\"noindex, follow, max-snippet:-1, max-image-preview:large, max-video-preview:-1\" \/>\n<meta property=\"og:locale\" content=\"de_DE\" \/>\n<meta property=\"og:type\" content=\"article\" \/>\n<meta property=\"og:title\" content=\"Die Zukunft zu Ihren Bedingungen | TRINITI - Panbaltische Anwaltskanzlei\" \/>\n<meta property=\"og:description\" content=\"Pan-Baltisches Rechtsberatungsteam mit mehr als 90 Fachleuten im Team, bereit, Sie zum Erfolg zu f\u00fchren. Lass uns gemeinsam Projekt starten!\" \/>\n<meta property=\"og:url\" content=\"https:\/\/arendus.triniti.ee\/de\/\" \/>\n<meta property=\"og:site_name\" content=\"TRINITI - Panbaltische Anwaltskanzlei\" \/>\n<meta property=\"article:modified_time\" content=\"2022-04-09T11:41:39+00:00\" \/>\n<meta name=\"twitter:card\" content=\"summary_large_image\" \/>\n<meta name=\"twitter:title\" content=\"Die Zukunft zu Ihren Bedingungen | Triniti - Anwaltskanzlei\" \/>\n<meta name=\"twitter:description\" content=\"Pan-Baltisches Rechtsberatungsteam mit mehr als 90 Fachleuten im Team, bereit, Sie zum Erfolg zu f\u00fchren. Lass uns gemeinsam Projekt starten!\" \/>\n<script type=\"application\/ld+json\" class=\"yoast-schema-graph\">{\"@context\":\"https:\/\/schema.org\",\"@graph\":[{\"@type\":\"WebPage\",\"@id\":\"https:\/\/arendus.triniti.ee\/de\/\",\"url\":\"https:\/\/arendus.triniti.ee\/de\/\",\"name\":\"Die Zukunft zu Ihren Bedingungen | TRINITI - Panbaltische Anwaltskanzlei\",\"isPartOf\":{\"@id\":\"https:\/\/arendus.triniti.ee\/#website\"},\"datePublished\":\"2021-12-06T13:35:20+00:00\",\"dateModified\":\"2022-04-09T11:41:39+00:00\",\"description\":\"Rechtsbeistand im gesamten Baltikum. Lassen Sie uns Ihr Projekt gemeinsam beginnen!\",\"breadcrumb\":{\"@id\":\"https:\/\/arendus.triniti.ee\/de\/#breadcrumb\"},\"inLanguage\":\"de\",\"potentialAction\":[{\"@type\":\"ReadAction\",\"target\":[\"https:\/\/arendus.triniti.ee\/de\/\"]}]},{\"@type\":\"BreadcrumbList\",\"@id\":\"https:\/\/arendus.triniti.ee\/de\/#breadcrumb\",\"itemListElement\":[{\"@type\":\"ListItem\",\"position\":1,\"name\":\"Home\",\"item\":\"https:\/\/arendus.triniti.ee\/de\/\"},{\"@type\":\"ListItem\",\"position\":2,\"name\":\"Startseite\"}]},{\"@type\":\"WebSite\",\"@id\":\"https:\/\/arendus.triniti.ee\/#website\",\"url\":\"https:\/\/arendus.triniti.ee\/\",\"name\":\"TRINITI - Panbaltische Anwaltskanzlei\",\"description\":\"The Future On Your Terms\",\"publisher\":{\"@id\":\"https:\/\/arendus.triniti.ee\/#organization\"},\"potentialAction\":[{\"@type\":\"SearchAction\",\"target\":{\"@type\":\"EntryPoint\",\"urlTemplate\":\"https:\/\/arendus.triniti.ee\/?s={search_term_string}\"},\"query-input\":\"required name=search_term_string\"}],\"inLanguage\":\"de\"},{\"@type\":\"Organization\",\"@id\":\"https:\/\/arendus.triniti.ee\/#organization\",\"name\":\"Triniti\",\"url\":\"https:\/\/arendus.triniti.ee\/\",\"logo\":{\"@type\":\"ImageObject\",\"inLanguage\":\"de\",\"@id\":\"https:\/\/arendus.triniti.ee\/#\/schema\/logo\/image\/\",\"url\":\"https:\/\/triniti.eu\/wp-content\/uploads\/2021\/12\/triniti-logo-en.svg\",\"contentUrl\":\"https:\/\/triniti.eu\/wp-content\/uploads\/2021\/12\/triniti-logo-en.svg\",\"width\":400,\"height\":117,\"caption\":\"Triniti\"},\"image\":{\"@id\":\"https:\/\/arendus.triniti.ee\/#\/schema\/logo\/image\/\"}}]}<\/script>\n<!-- \/ Yoast SEO plugin. -->","yoast_head_json":{"title":"Die Zukunft zu Ihren Bedingungen | TRINITI - Panbaltische Anwaltskanzlei","description":"Rechtsbeistand im gesamten Baltikum. Lassen Sie uns Ihr Projekt gemeinsam beginnen!","robots":{"index":"noindex","follow":"follow","max-snippet":"max-snippet:-1","max-image-preview":"max-image-preview:large","max-video-preview":"max-video-preview:-1"},"og_locale":"de_DE","og_type":"article","og_title":"Die Zukunft zu Ihren Bedingungen | TRINITI - Panbaltische Anwaltskanzlei","og_description":"Pan-Baltisches Rechtsberatungsteam mit mehr als 90 Fachleuten im Team, bereit, Sie zum Erfolg zu f\u00fchren. Lass uns gemeinsam Projekt starten!","og_url":"https:\/\/arendus.triniti.ee\/de\/","og_site_name":"TRINITI - Panbaltische Anwaltskanzlei","article_modified_time":"2022-04-09T11:41:39+00:00","twitter_card":"summary_large_image","twitter_title":"Die Zukunft zu Ihren Bedingungen | Triniti - Anwaltskanzlei","twitter_description":"Pan-Baltisches Rechtsberatungsteam mit mehr als 90 Fachleuten im Team, bereit, Sie zum Erfolg zu f\u00fchren. Lass uns gemeinsam Projekt starten!","schema":{"@context":"https:\/\/schema.org","@graph":[{"@type":"WebPage","@id":"https:\/\/arendus.triniti.ee\/de\/","url":"https:\/\/arendus.triniti.ee\/de\/","name":"Die Zukunft zu Ihren Bedingungen | TRINITI - Panbaltische Anwaltskanzlei","isPartOf":{"@id":"https:\/\/arendus.triniti.ee\/#website"},"datePublished":"2021-12-06T13:35:20+00:00","dateModified":"2022-04-09T11:41:39+00:00","description":"Rechtsbeistand im gesamten Baltikum. Lassen Sie uns Ihr Projekt gemeinsam beginnen!","breadcrumb":{"@id":"https:\/\/arendus.triniti.ee\/de\/#breadcrumb"},"inLanguage":"de","potentialAction":[{"@type":"ReadAction","target":["https:\/\/arendus.triniti.ee\/de\/"]}]},{"@type":"BreadcrumbList","@id":"https:\/\/arendus.triniti.ee\/de\/#breadcrumb","itemListElement":[{"@type":"ListItem","position":1,"name":"Home","item":"https:\/\/arendus.triniti.ee\/de\/"},{"@type":"ListItem","position":2,"name":"Startseite"}]},{"@type":"WebSite","@id":"https:\/\/arendus.triniti.ee\/#website","url":"https:\/\/arendus.triniti.ee\/","name":"TRINITI - Panbaltische Anwaltskanzlei","description":"The Future On Your Terms","publisher":{"@id":"https:\/\/arendus.triniti.ee\/#organization"},"potentialAction":[{"@type":"SearchAction","target":{"@type":"EntryPoint","urlTemplate":"https:\/\/arendus.triniti.ee\/?s={search_term_string}"},"query-input":"required name=search_term_string"}],"inLanguage":"de"},{"@type":"Organization","@id":"https:\/\/arendus.triniti.ee\/#organization","name":"Triniti","url":"https:\/\/arendus.triniti.ee\/","logo":{"@type":"ImageObject","inLanguage":"de","@id":"https:\/\/arendus.triniti.ee\/#\/schema\/logo\/image\/","url":"https:\/\/triniti.eu\/wp-content\/uploads\/2021\/12\/triniti-logo-en.svg","contentUrl":"https:\/\/triniti.eu\/wp-content\/uploads\/2021\/12\/triniti-logo-en.svg","width":400,"height":117,"caption":"Triniti"},"image":{"@id":"https:\/\/arendus.triniti.ee\/#\/schema\/logo\/image\/"}}]}},"_links":{"self":[{"href":"https:\/\/arendus.triniti.ee\/de\/wp-json\/wp\/v2\/pages\/5143","targetHints":{"allow":["GET"]}}],"collection":[{"href":"https:\/\/arendus.triniti.ee\/de\/wp-json\/wp\/v2\/pages"}],"about":[{"href":"https:\/\/arendus.triniti.ee\/de\/wp-json\/wp\/v2\/types\/page"}],"author":[{"embeddable":true,"href":"https:\/\/arendus.triniti.ee\/de\/wp-json\/wp\/v2\/users\/1"}],"replies":[{"embeddable":true,"href":"https:\/\/arendus.triniti.ee\/de\/wp-json\/wp\/v2\/comments?post=5143"}],"version-history":[{"count":0,"href":"https:\/\/arendus.triniti.ee\/de\/wp-json\/wp\/v2\/pages\/5143\/revisions"}],"wp:attachment":[{"href":"https:\/\/arendus.triniti.ee\/de\/wp-json\/wp\/v2\/media?parent=5143"}],"curies":[{"name":"wp","href":"https:\/\/api.w.org\/{rel}","templated":true}]}}